{"id":53,"date":"2020-12-28T14:06:56","date_gmt":"2020-12-28T13:06:56","guid":{"rendered":"http:\/\/sportnmsstpoelten.ac.at\/stpoelten\/?page_id=53"},"modified":"2023-01-30T21:02:27","modified_gmt":"2023-01-30T20:02:27","slug":"schulsozialarbeit-x-point","status":"publish","type":"page","link":"https:\/\/sportnmsstpoelten.ac.at\/mint\/schulsozialarbeit-x-point\/","title":{"rendered":"Schulsozialarbeit (x-point)"},"content":{"rendered":"\n\n\t<p><strong>x-point<\/strong> <strong>Schulsozialarbeit:<\/strong><\/p>\n\t<p>x-point ist eine Anlauf- und Beratungsstelle direkt an der Schule, prim\u00e4r f\u00fcr die Anliegen der Sch\u00fcler_innen und sekund\u00e4r auch f\u00fcr Eltern und Lehrer_innen.<\/p>\n<p>x-point Schulsozialarbeit informiert zu jugendrelevanten Themen, ber\u00e4t und unterst\u00fctzt bei sozialen Lebenslagen und auch bei Problemen.<\/p>\n<p><strong>x-point bietet:<\/strong><\/p>\n<ul>\n<li>Beratung<\/li>\n<li>Information<\/li>\n<li>Gruppenarbeit\/Klassenaktionen<\/li>\n<li>Konfliktmoderation<\/li>\n<li>L\u00e4ngerfristige Begleitung<\/li>\n<li>Krisenintervention<\/li>\n<li>Unterst\u00fctzung bei Pr\u00e4ventionsma\u00dfnahmen<\/li>\n<\/ul>\n<p>Kontaktinformation unter:<\/p>\n<p><a href=\"https:\/\/www.young.or.at\/st.poelten\/articles\/nms-koerner-st.poelten.html\" target=\"xykE-D_v-QnuaXo-tbXWgIy\" rel=\"noopener\">https:\/\/www.young.or.at\/st.poelten\/articles\/nms-koerner-st.poelten.html<\/a><\/p>\n\t\t\t\t<img decoding=\"async\" src=\"https:\/\/sportnmsstpoelten.ac.at\/mint\/wp-content\/uploads\/sites\/4\/2023\/01\/Young_Xpoint_Logo_4c_print-scaled.jpg\" alt=\"Druck\" title=\"Druck\" \/>\n\n","protected":false},"excerpt":{"rendered":"<p>x-point Schulsozialarbeit: x-point ist eine Anlauf- und Beratungsstelle direkt an der Schule, prim\u00e4r f\u00fcr die Anliegen der Sch\u00fcler_innen und sekund\u00e4r auch f\u00fcr Eltern und Lehrer_innen. x-point Schulsozialarbeit informiert zu jugendrelevanten Themen, ber\u00e4t und unterst\u00fctzt bei sozialen Lebenslagen und auch bei<\/p>\n","protected":false},"author":15,"featured_media":0,"parent":0,"menu_order":0,"comment_status":"closed","ping_status":"closed","template":"","meta":{"inline_featured_image":false,"footnotes":""},"class_list":["post-53","page","type-page","status-publish","hentry"],"_links":{"self":[{"href":"https:\/\/sportnmsstpoelten.ac.at\/mint\/wp-json\/wp\/v2\/pages\/53","targetHints":{"allow":["GET"]}}],"collection":[{"href":"https:\/\/sportnmsstpoelten.ac.at\/mint\/wp-json\/wp\/v2\/pages"}],"about":[{"href":"https:\/\/sportnmsstpoelten.ac.at\/mint\/wp-json\/wp\/v2\/types\/page"}],"author":[{"embeddable":true,"href":"https:\/\/sportnmsstpoelten.ac.at\/mint\/wp-json\/wp\/v2\/users\/15"}],"replies":[{"embeddable":true,"href":"https:\/\/sportnmsstpoelten.ac.at\/mint\/wp-json\/wp\/v2\/comments?post=53"}],"version-history":[{"count":3,"href":"https:\/\/sportnmsstpoelten.ac.at\/mint\/wp-json\/wp\/v2\/pages\/53\/revisions"}],"predecessor-version":[{"id":2221,"href":"https:\/\/sportnmsstpoelten.ac.at\/mint\/wp-json\/wp\/v2\/pages\/53\/revisions\/2221"}],"wp:attachment":[{"href":"https:\/\/sportnmsstpoelten.ac.at\/mint\/wp-json\/wp\/v2\/media?parent=53"}],"curies":[{"name":"wp","href":"https:\/\/api.w.org\/{rel}","templated":true}]}}