{"id":52,"date":"2020-12-28T14:06:56","date_gmt":"2020-12-28T13:06:56","guid":{"rendered":"http:\/\/sportnmsstpoelten.ac.at\/stpoelten\/?page_id=52"},"modified":"2025-10-16T12:13:52","modified_gmt":"2025-10-16T10:13:52","slug":"mint","status":"publish","type":"page","link":"https:\/\/sportnmsstpoelten.ac.at\/mint\/mint\/","title":{"rendered":"MINT-Schwerpunkt"},"content":{"rendered":"\n<h2>\n\t\t\t\u201eMINT ist nicht nur Wissen &#8211; MINT ist Zukunftskompetenz&#8220;\t<\/h2>\n\t<p>Unser Ziel ist es, die Sch\u00fclerinnen und Sch\u00fcler im projektorientierten MINT-Unterricht, ausgehend vom Erfahrungsbereich der Kinder unter Ber\u00fccksichtigung regionaler Besonderheiten, zu einem naturwissenschaftlichen und technischen Denken hinzuf\u00fchren. Dabei soll Neugier, Spa\u00df und Freude am gemeinsamen Tun nicht zu kurz kommen.<\/p>\n\t<ul>\n<li>Bewusstes Beobachten von Vorg\u00e4ngen in der Umwelt<\/li>\n<li>Verstehen der Bedeutung der Naturwissenschaften f\u00fcr alle Lebensformen und Lebensvorg\u00e4nge<\/li>\n<li>Kennenlernen, Verstehen und altersgem\u00e4\u00dfes Anwenden von typischen Denk- (z.B. Modellvorstellungen) und Arbeitsweisen bei Vorg\u00e4ngen in Natur und Technik<\/li>\n<li>Erziehung zu Teamf\u00e4higkeit und Toleranz<\/li>\n<li>Wahlpflichtf\u00e4cher in der 3. und 4. Klasse:<br \/>\nWirtschaftliche Grundlagen oder Physikalisch\/Technische \u00dcbungen<\/li>\n<li>Unverbindliche \u00dcbung: ECDL (Computerf\u00fchrerschein) ab der 2.\u00a0Klasse<\/li>\n<li>Teilnahme an verschiedenen Projekten, auch klassen\u00fcbergreifend<\/li>\n<li>Nutzung von au\u00dferschulischen Lernorten wie z.B. dem MuseumN\u00d6, Technisches Museum, aber auch Zusammenarbeit mit Firmen und h\u00f6heren Schulen (HTL St. P\u00f6lten, Fachhochschule\u00a0St.\u00a0P\u00f6lten)<\/li>\n<\/ul>\n\n","protected":false},"excerpt":{"rendered":"<p>\u201eMINT ist nicht nur Wissen &#8211; MINT ist Zukunftskompetenz&#8220; Unser Ziel ist es, die Sch\u00fclerinnen und Sch\u00fcler im projektorientierten MINT-Unterricht, ausgehend vom Erfahrungsbereich der Kinder unter Ber\u00fccksichtigung regionaler Besonderheiten, zu einem naturwissenschaftlichen und technischen Denken hinzuf\u00fchren. Dabei soll Neugier, Spa\u00df<\/p>\n","protected":false},"author":15,"featured_media":0,"parent":0,"menu_order":0,"comment_status":"closed","ping_status":"closed","template":"","meta":{"inline_featured_image":false,"footnotes":""},"class_list":["post-52","page","type-page","status-publish","hentry"],"_links":{"self":[{"href":"https:\/\/sportnmsstpoelten.ac.at\/mint\/wp-json\/wp\/v2\/pages\/52","targetHints":{"allow":["GET"]}}],"collection":[{"href":"https:\/\/sportnmsstpoelten.ac.at\/mint\/wp-json\/wp\/v2\/pages"}],"about":[{"href":"https:\/\/sportnmsstpoelten.ac.at\/mint\/wp-json\/wp\/v2\/types\/page"}],"author":[{"embeddable":true,"href":"https:\/\/sportnmsstpoelten.ac.at\/mint\/wp-json\/wp\/v2\/users\/15"}],"replies":[{"embeddable":true,"href":"https:\/\/sportnmsstpoelten.ac.at\/mint\/wp-json\/wp\/v2\/comments?post=52"}],"version-history":[{"count":8,"href":"https:\/\/sportnmsstpoelten.ac.at\/mint\/wp-json\/wp\/v2\/pages\/52\/revisions"}],"predecessor-version":[{"id":2713,"href":"https:\/\/sportnmsstpoelten.ac.at\/mint\/wp-json\/wp\/v2\/pages\/52\/revisions\/2713"}],"wp:attachment":[{"href":"https:\/\/sportnmsstpoelten.ac.at\/mint\/wp-json\/wp\/v2\/media?parent=52"}],"curies":[{"name":"wp","href":"https:\/\/api.w.org\/{rel}","templated":true}]}}