{"id":49,"date":"2020-12-28T14:06:56","date_gmt":"2020-12-28T13:06:56","guid":{"rendered":"http:\/\/sportnmsstpoelten.ac.at\/stpoelten\/?page_id=49"},"modified":"2024-02-25T11:01:01","modified_gmt":"2024-02-25T10:01:01","slug":"hausordnung","status":"publish","type":"page","link":"https:\/\/sportnmsstpoelten.ac.at\/mint\/hausordnung\/","title":{"rendered":"Hausordnung"},"content":{"rendered":"\n<h2>\n\t\tWie kann ich dazu beitragen ein sportliches, faires und konfliktfreies Miteinander in der Schule zu erm\u00f6glichen?\n\t<\/h2>\n    1\n    <li>\n        Ich verhalte mich meinen Lehrpersonen und Mitsch\u00fclerinnen\/Mitsch\u00fclern gegen\u00fcber fair und respektvoll und verwende eine angemessene Ausdrucksweise. Das gilt auch beim Umgang mit digitalen Medien wie Videokonferenzen, Chats usw.\n    <\/li>\n    2\n    <li>Ich erscheine p\u00fcnktlich und verl\u00e4sslich zum Unterricht und zu allen Schul- und Sportveranstaltungen.<\/li>\n    3\n    <li>Ich vers\u00e4ume nur dann den Unterricht, wenn ich krank oder verletzt bin. \u00c4rztliche Best\u00e4tigungen lege ich ungefragt dem KV vor (Information der Direktion durch die Eltern vor Unterrichtsbeginn per Schoolfox, Telefon unter <a href='tel:02742\/32314-11'>02742\/32314-11<\/a> oder Mail unter <a href='mailto:302012@noeschule.at'>302012@noeschule.at<\/a>).<\/li>\n    4\n    <li>Eltern kontrollieren regelm\u00e4\u00dfig die Mitteilungen der Schule (Heft, Schoolfox usw.)<\/li>\n    5\n    <li>Meine Eltern sind telefonisch erreichbar! (Notfall, Lehrerinformation, Direktion, &#8230;)<\/li>\n    6\n    <li>Man kann sich auf mich verlassen und ich halte vereinbarte Abgabetermine ein (Geldbetr\u00e4ge, Unterschriften &#8230;)<\/li>\n    7\n    <li>Ich achte auf Sauberkeit und Ordnung bei meinen Schulsachen, im Klassenzimmer und im gesamten Schulareal und halte mich an die M\u00fclltrennung.<\/li>\n    8\n    <li>Ich bereite mich sorgf\u00e4ltig auf den Unterricht vor (Arbeitsmaterialien, Sporttasche, &#8230;) und erledige meine Hausaufgaben regelm\u00e4\u00dfig und gewissenhaft.<\/li>\n    9\n    <li>\n        Ich erkl\u00e4re mich bereit folgende Regeln einzuhalten:\n        <ul class='innerList'>\n            <li>Mein Handy kommt vor Unterrichtsbeginn in den Spind und ich erhalte es zu Unterrichtsschluss &#8211; Verwendung des Handys nur nach Absprache mit einem Lehrer!<\/li>\n            <li>Piercings sind w\u00e4hrend des Sportunterrichts zu entfernen bzw. abzukleben!<\/li>\n            <li>Ich halte mich an das Dosenverbot in der Schule!<\/li>\n            <li>Keine aufputschenden Get\u00e4nke (Cola, Energydrink, &#8230;)<\/li>\n            <li>Ich trage im Unterricht keine Kappe oder Sonnenbrille und kaue keinen Kaugummi!<\/li>\n            <li>Ich trage im Schulhaus Hausschuhe (keine Sportschuhe) und kleide mich angemessen (= Stra\u00dfenkleidung &#8211; Trainingsanzug NUR im Sportunterricht)!<\/li>\n        <\/ul>\n    <\/li>\n    10\n    <li>Meine Eltern und ich tragen die Verantwortung f\u00fcr alle Wertgegenst\u00e4nde, die ich in die Schule mitnehme.<\/li>\n    11\n    <li>Ich versuche, Auseinandersetzungen zu vermeiden und bin gegen Gewalt!<\/li>\n\n\t<p>Bei Nichteinhaltung der Schulordnung, habe ich mit Konsequenzen zu rechnen.<\/p>\n\n","protected":false},"excerpt":{"rendered":"<p>Wie kann ich dazu beitragen ein sportliches, faires und konfliktfreies Miteinander in der Schule zu erm\u00f6glichen? 1 Ich verhalte mich meinen Lehrpersonen und Mitsch\u00fclerinnen\/Mitsch\u00fclern gegen\u00fcber fair und respektvoll und verwende eine angemessene Ausdrucksweise. Das gilt auch beim Umgang mit digitalen<\/p>\n","protected":false},"author":15,"featured_media":0,"parent":0,"menu_order":0,"comment_status":"closed","ping_status":"closed","template":"","meta":{"inline_featured_image":false,"footnotes":""},"class_list":["post-49","page","type-page","status-publish","hentry"],"_links":{"self":[{"href":"https:\/\/sportnmsstpoelten.ac.at\/mint\/wp-json\/wp\/v2\/pages\/49","targetHints":{"allow":["GET"]}}],"collection":[{"href":"https:\/\/sportnmsstpoelten.ac.at\/mint\/wp-json\/wp\/v2\/pages"}],"about":[{"href":"https:\/\/sportnmsstpoelten.ac.at\/mint\/wp-json\/wp\/v2\/types\/page"}],"author":[{"embeddable":true,"href":"https:\/\/sportnmsstpoelten.ac.at\/mint\/wp-json\/wp\/v2\/users\/15"}],"replies":[{"embeddable":true,"href":"https:\/\/sportnmsstpoelten.ac.at\/mint\/wp-json\/wp\/v2\/comments?post=49"}],"version-history":[{"count":1,"href":"https:\/\/sportnmsstpoelten.ac.at\/mint\/wp-json\/wp\/v2\/pages\/49\/revisions"}],"predecessor-version":[{"id":2334,"href":"https:\/\/sportnmsstpoelten.ac.at\/mint\/wp-json\/wp\/v2\/pages\/49\/revisions\/2334"}],"wp:attachment":[{"href":"https:\/\/sportnmsstpoelten.ac.at\/mint\/wp-json\/wp\/v2\/media?parent=49"}],"curies":[{"name":"wp","href":"https:\/\/api.w.org\/{rel}","templated":true}]}}