{"id":2618,"date":"2025-04-30T09:53:42","date_gmt":"2025-04-30T07:53:42","guid":{"rendered":"https:\/\/sportnmsstpoelten.ac.at\/mint\/?page_id=2618"},"modified":"2025-04-30T10:11:37","modified_gmt":"2025-04-30T08:11:37","slug":"sparkling-science","status":"publish","type":"page","link":"https:\/\/sportnmsstpoelten.ac.at\/mint\/sparkling-science\/","title":{"rendered":"Sparkling Science"},"content":{"rendered":"\n<h2>\n\t\tDaten*bilden: Kreative und sorgsame Datenpraktiken in der Schule f\u00f6rdern\n\t<\/h2>\n\t<p>Die\u00a0<strong>MS Dr. Theodor K\u00f6rner 1\/MINT<\/strong>\u00a0wurde als eine von 3 Mittelschulen in Wien und Nieder\u00f6sterreich ausgew\u00e4hlt, um am\u00a0<strong>Sparkling Science Projekt der Universit\u00e4t Wien<\/strong>\u00a0mitzuarbeiten.<\/p>\n\t<p><strong><u>Projektbeschreibung:<\/u><\/strong><\/p>\n<p>In Zeiten von K\u00fcnstlicher Intelligenz (KI) und digitalen Technologien ist es wichtig, den Umgang mit Daten zu verstehen. Das Projekt \u201eDaten*bilden&#8220; untersucht, wie Bildung und Datenpraktiken zusammenh\u00e4ngen und wie Lernplattformen dazu beitragen k\u00f6nnen, Bildungsungleichheiten abzubauen.<\/p>\n<p>Hierzu entwickeln die Sch\u00fclerinnen und Sch\u00fcler der 3M Ideen f\u00fcr die Lernplattform der Zukunft. Dabei lernen sie, wie Daten entstehen, wie diese genutzt werden und wie man eigene, achtsame Datenpraktiken entwickelt. Das Projekt st\u00e4rkt ihre F\u00e4higkeiten, in der digitalen Welt selbstbestimmt und solidarisch zu handeln.<\/p>\n<p>Ziel ist es, Datenpraktiken und Lehrkonzepte zu schaffen, die die Bed\u00fcrfnisse aller Lernenden ber\u00fccksichtigen und faire, zug\u00e4ngliche Plattformen zu gestalten.<\/p>\n<p><strong><u>Projektbeteiligte:<\/u><\/strong><\/p>\n<p><u>MS Dr. Theodor K\u00f6rner 1\/MINT vertreten durch<\/u><\/p>\n<ul>\n<li>Klasse 3M<\/li>\n<li>Gr\u00fcnberger Michael BEd (IT-Betreuer und Co-Klassenvorstand der 3M)<\/li>\n<li>OLNMS Brigitte Zettel (MINT-Koordinatorin und E-Learning Beauftragte)<\/li>\n<\/ul>\n<p><u>Universit\u00e4t Wien vertreten durch<\/u><\/p>\n<ul>\n<li>Elisabeth Anna G\u00fcnther (Zentrum f\u00fcr Lehrer*innenbildung, Universit\u00e4t Wien)<\/li>\n<\/ul>\n<ul>\n<li>Georg N\u00f6hrer (Doktorand der Universit\u00e4t Wien zum Thema Mediendidaktik &amp; KI)<\/li>\n<\/ul>\n\t<p>Das Projekt Daten*bilden ist Teil von\u00a0<strong>Sparkling Science 2.0<\/strong>\u00a0(<a href=\"http:\/\/www.sparklingscience.at\/\">www.sparklingscience.at<\/a>) und wird gef\u00f6rdert vom\u00a0<strong>Bundesministerium f\u00fcr Frauen, Wissenschaft und Forschung<\/strong>\u00a0(<a href=\"http:\/\/www.bmbwf.gv.at\/\">www.bmbwf.gv.at<\/a>\u00a0).<\/p>\n<p><strong><u>Offizielle Projektwebseite:<\/u><\/strong>\u00a0(<a href=\"https:\/\/datenpraktiken.univie.ac.at\/\">https:\/\/datenpraktiken.univie.ac.at\/<\/a>)<\/p>\n<p>oder der Arbeitsbereich (<a href=\"http:\/\/ce-lab.univie.ac.at\/\">http:\/\/ce-lab.univie.ac.at\/<\/a>)<\/p>\n\t\t\t\t<img decoding=\"async\" src=\"https:\/\/sportnmsstpoelten.ac.at\/mint\/wp-content\/uploads\/sites\/4\/2025\/04\/BMFWF_Logo_srgb.png\" alt=\"BMFWF_Logo_srgb\" itemprop=\"image\" title=\"BMFWF_Logo_srgb\" onerror=\"this.style.display='none'\"  \/>\n\n","protected":false},"excerpt":{"rendered":"<p>Daten*bilden: Kreative und sorgsame Datenpraktiken in der Schule f\u00f6rdern Die\u00a0MS Dr. Theodor K\u00f6rner 1\/MINT\u00a0wurde als eine von 3 Mittelschulen in Wien und Nieder\u00f6sterreich ausgew\u00e4hlt, um am\u00a0Sparkling Science Projekt der Universit\u00e4t Wien\u00a0mitzuarbeiten. Projektbeschreibung: In Zeiten von K\u00fcnstlicher Intelligenz (KI) und digitalen<\/p>\n","protected":false},"author":10,"featured_media":0,"parent":0,"menu_order":0,"comment_status":"closed","ping_status":"closed","template":"","meta":{"inline_featured_image":false,"footnotes":""},"class_list":["post-2618","page","type-page","status-publish","hentry"],"_links":{"self":[{"href":"https:\/\/sportnmsstpoelten.ac.at\/mint\/wp-json\/wp\/v2\/pages\/2618","targetHints":{"allow":["GET"]}}],"collection":[{"href":"https:\/\/sportnmsstpoelten.ac.at\/mint\/wp-json\/wp\/v2\/pages"}],"about":[{"href":"https:\/\/sportnmsstpoelten.ac.at\/mint\/wp-json\/wp\/v2\/types\/page"}],"author":[{"embeddable":true,"href":"https:\/\/sportnmsstpoelten.ac.at\/mint\/wp-json\/wp\/v2\/users\/10"}],"replies":[{"embeddable":true,"href":"https:\/\/sportnmsstpoelten.ac.at\/mint\/wp-json\/wp\/v2\/comments?post=2618"}],"version-history":[{"count":4,"href":"https:\/\/sportnmsstpoelten.ac.at\/mint\/wp-json\/wp\/v2\/pages\/2618\/revisions"}],"predecessor-version":[{"id":2625,"href":"https:\/\/sportnmsstpoelten.ac.at\/mint\/wp-json\/wp\/v2\/pages\/2618\/revisions\/2625"}],"wp:attachment":[{"href":"https:\/\/sportnmsstpoelten.ac.at\/mint\/wp-json\/wp\/v2\/media?parent=2618"}],"curies":[{"name":"wp","href":"https:\/\/api.w.org\/{rel}","templated":true}]}}