{"id":879,"date":"2021-02-08T15:06:24","date_gmt":"2021-02-08T14:06:24","guid":{"rendered":"http:\/\/sportnmsstpoelten.ac.at\/harland\/?page_id=879"},"modified":"2021-02-10T22:28:23","modified_gmt":"2021-02-10T21:28:23","slug":"archiv","status":"publish","type":"page","link":"https:\/\/sportnmsstpoelten.ac.at\/harland\/archiv\/","title":{"rendered":"Archiv"},"content":{"rendered":"<p>\u00a0<\/p>\n<ul class=\"display-posts-listing\"><li class=\"listing-item\"><a class=\"title\" href=\"https:\/\/sportnmsstpoelten.ac.at\/harland\/copy-copy-9-copy-24\/\">K\u00fccken-Projekt<\/a> <span class=\"date\">(01.05.2026)<\/span><\/li><li class=\"listing-item\"><a class=\"title\" href=\"https:\/\/sportnmsstpoelten.ac.at\/harland\/copy-copy-9-copy-23\/\">Digitale Freundschaften zwischen Spanien und Harland<\/a> <span class=\"date\">(19.06.2025)<\/span><\/li><li class=\"listing-item\"><a class=\"title\" href=\"https:\/\/sportnmsstpoelten.ac.at\/harland\/copy-copy-9-copy-22\/\">Beachvolleyball Meister 2025<\/a> <span class=\"date\">(19.06.2025)<\/span><\/li><li class=\"listing-item\"><a class=\"title\" href=\"https:\/\/sportnmsstpoelten.ac.at\/harland\/copy-copy-9-copy-21\/\">Sportfest der MS Harland<\/a> <span class=\"date\">(26.06.2024)<\/span><\/li><li class=\"listing-item\"><a class=\"title\" href=\"https:\/\/sportnmsstpoelten.ac.at\/harland\/copy-copy-9-copy-20\/\">Die MS Harland hilft beim Lions Flohmarkt<\/a> <span class=\"date\">(18.06.2024)<\/span><\/li><li class=\"listing-item\"><a class=\"title\" href=\"https:\/\/sportnmsstpoelten.ac.at\/harland\/asphalt\/\">Sportunterricht einmal anders beim Asphaltstockschie\u00dfen<\/a> <span class=\"date\">(18.06.2024)<\/span><\/li><li class=\"listing-item\"><a class=\"title\" href=\"https:\/\/sportnmsstpoelten.ac.at\/harland\/copy-copy-9-copy-19\/\">Mit gesunder Jause schlemmen in der MS Harland<\/a> <span class=\"date\">(30.04.2024)<\/span><\/li><li class=\"listing-item\"><a class=\"title\" href=\"https:\/\/sportnmsstpoelten.ac.at\/harland\/kunst2024\/\">Auf den Spuren gro\u00dfer K\u00fcnster:innen<\/a> <span class=\"date\">(23.04.2024)<\/span><\/li><li class=\"listing-item\"><a class=\"title\" href=\"https:\/\/sportnmsstpoelten.ac.at\/harland\/copy-copy-9-copy-18\/\">MS Harland beim M\u00fcllsammeln<\/a> <span class=\"date\">(09.04.2024)<\/span><\/li><li class=\"listing-item\"><a class=\"title\" href=\"https:\/\/sportnmsstpoelten.ac.at\/harland\/copy-copy-9-copy-17\/\">Chemie on tour in der Mittelschule Harland<\/a> <span class=\"date\">(17.03.2024)<\/span><\/li><li class=\"listing-item\"><a class=\"title\" href=\"https:\/\/sportnmsstpoelten.ac.at\/harland\/copy-copy-9-copy-16\/\">Ein Hochbeet f\u00fcr die Mittelschule Harland<\/a> <span class=\"date\">(17.03.2024)<\/span><\/li><li class=\"listing-item\"><a class=\"title\" href=\"https:\/\/sportnmsstpoelten.ac.at\/harland\/winterwochenende\/\">Mittelschule Harland auf Winterwochenende<\/a> <span class=\"date\">(03.03.2024)<\/span><\/li><li class=\"listing-item\"><a class=\"title\" href=\"https:\/\/sportnmsstpoelten.ac.at\/harland\/mineralien2023\/\">Wunderbare Welt der Mineralien<\/a> <span class=\"date\">(17.11.2023)<\/span><\/li><li class=\"listing-item\"><a class=\"title\" href=\"https:\/\/sportnmsstpoelten.ac.at\/harland\/infoabend\/\">Erfolgreicher Info-Abend Mittelschule Harland<\/a> <span class=\"date\">(08.11.2023)<\/span><\/li><li class=\"listing-item\"><a class=\"title\" href=\"https:\/\/sportnmsstpoelten.ac.at\/harland\/bastelspass2023\/\">Bastelspa\u00df in der 1. Klasse MS Harland<\/a> <span class=\"date\">(08.11.2023)<\/span><\/li><li class=\"listing-item\"><a class=\"title\" href=\"https:\/\/sportnmsstpoelten.ac.at\/harland\/halloween2023\/\">Halloween in der Mittelschule Harland<\/a> <span class=\"date\">(08.11.2023)<\/span><\/li><li class=\"listing-item\"><a class=\"title\" href=\"https:\/\/sportnmsstpoelten.ac.at\/harland\/copy-copy-9-copy-15\/\">Wundersch\u00f6ne Herbstdekorationen<\/a> <span class=\"date\">(30.09.2023)<\/span><\/li><li class=\"listing-item\"><a class=\"title\" href=\"https:\/\/sportnmsstpoelten.ac.at\/harland\/2113-2\/\">Sch\u00fcler-Notebooks Elterninfo<\/a> <span class=\"date\">(23.09.2023)<\/span><\/li><li class=\"listing-item\"><a class=\"title\" href=\"https:\/\/sportnmsstpoelten.ac.at\/harland\/trinkflasche\/\">Tolle Trinkflaschen f\u00fcr die neue Klasse der MS Harland<\/a> <span class=\"date\">(12.09.2023)<\/span><\/li><li class=\"listing-item\"><a class=\"title\" href=\"https:\/\/sportnmsstpoelten.ac.at\/harland\/2023asphalt\/\">Auch Asphaltstockschie\u00dfen macht Spa\u00df!<\/a> <span class=\"date\">(26.06.2023)<\/span><\/li><li class=\"listing-item\"><a class=\"title\" href=\"https:\/\/sportnmsstpoelten.ac.at\/harland\/2023silber\/\">Waldmeister in Silber f\u00fcr die 2EK Mittelschule Harland<\/a> <span class=\"date\">(26.06.2023)<\/span><\/li><li class=\"listing-item\"><a class=\"title\" href=\"https:\/\/sportnmsstpoelten.ac.at\/harland\/2023jause\/\">Neue Jausenb\u00e4nke selbst gebaut<\/a> <span class=\"date\">(16.06.2023)<\/span><\/li><li class=\"listing-item\"><a class=\"title\" href=\"https:\/\/sportnmsstpoelten.ac.at\/harland\/solar2023\/\">Projekt Solarhaus der 3.Klasse Harland<\/a> <span class=\"date\">(13.06.2023)<\/span><\/li><li class=\"listing-item\"><a class=\"title\" href=\"https:\/\/sportnmsstpoelten.ac.at\/harland\/2023energie\/\">3.Klasse Harland unterwegs zur Energiewende<\/a> <span class=\"date\">(23.05.2023)<\/span><\/li><li class=\"listing-item\"><a class=\"title\" href=\"https:\/\/sportnmsstpoelten.ac.at\/harland\/wald2023\/\">2.Klasse Harland gewinnt die Waldjugendspiele<\/a> <span class=\"date\">(16.05.2023)<\/span><\/li><li class=\"listing-item\"><a class=\"title\" href=\"https:\/\/sportnmsstpoelten.ac.at\/harland\/re-use_buch\/\">Mittelschule Harland: Kreativer &#8222;re-use&#8220; von alten B\u00fcchern<\/a> <span class=\"date\">(13.05.2023)<\/span><\/li><li class=\"listing-item\"><a class=\"title\" href=\"https:\/\/sportnmsstpoelten.ac.at\/harland\/girlsday\/\">Mittelschule Harland beim Girls-Day<\/a> <span class=\"date\">(07.05.2023)<\/span><\/li><li class=\"listing-item\"><a class=\"title\" href=\"https:\/\/sportnmsstpoelten.ac.at\/harland\/kunst2023\/\">Kunst in der MS Harland<\/a> <span class=\"date\">(11.04.2023)<\/span><\/li><li class=\"listing-item\"><a class=\"title\" href=\"https:\/\/sportnmsstpoelten.ac.at\/harland\/vorlese2023\/\">Europ\u00e4ischer Vorlesetag in der Mittelschule Harland<\/a> <span class=\"date\">(30.03.2023)<\/span><\/li><li class=\"listing-item\"><a class=\"title\" href=\"https:\/\/sportnmsstpoelten.ac.at\/harland\/annaberg2023\/\">Wintertag am Annaberg<\/a> <span class=\"date\">(12.03.2023)<\/span><\/li><li class=\"listing-item\"><a class=\"title\" href=\"https:\/\/sportnmsstpoelten.ac.at\/harland\/copy-copy-9-copy-14\/\">Nawi-Workshop der 4. Klasse<\/a> <span class=\"date\">(01.03.2023)<\/span><\/li><li class=\"listing-item\"><a class=\"title\" href=\"https:\/\/sportnmsstpoelten.ac.at\/harland\/masken23\/\">Kunstvolle Masken gestalten<\/a> <span class=\"date\">(17.02.2023)<\/span><\/li><li class=\"listing-item\"><a class=\"title\" href=\"https:\/\/sportnmsstpoelten.ac.at\/harland\/copy-copy-9-copy-13\/\">Upcycling von alten B\u00fcchern<\/a> <span class=\"date\">(29.01.2023)<\/span><\/li><li class=\"listing-item\"><a class=\"title\" href=\"https:\/\/sportnmsstpoelten.ac.at\/harland\/weihnachtswichtel\/\">Mittelschule Harland w\u00fcnscht &#8222;Frohe Weihnachten!&#8220;<\/a> <span class=\"date\">(15.12.2022)<\/span><\/li><li class=\"listing-item\"><a class=\"title\" href=\"https:\/\/sportnmsstpoelten.ac.at\/harland\/copy-copy-9-copy-12\/\">Infoabend in der Mittelschule Harland<\/a> <span class=\"date\">(21.11.2022)<\/span><\/li><li class=\"listing-item\"><a class=\"title\" href=\"https:\/\/sportnmsstpoelten.ac.at\/harland\/geschenke\/\">Wundersch\u00f6ne Geschenke aus der 2.Klasse MS Harland<\/a> <span class=\"date\">(08.11.2022)<\/span><\/li><li class=\"listing-item\"><a class=\"title\" href=\"https:\/\/sportnmsstpoelten.ac.at\/harland\/gesund\/\">Gesunde Jause in der Harland<\/a> <span class=\"date\">(24.10.2022)<\/span><\/li><li class=\"listing-item\"><a class=\"title\" href=\"https:\/\/sportnmsstpoelten.ac.at\/harland\/copy-copy-9-copy-11\/\">Der Herbst hat in der MS Harland Einzug gehalten<\/a> <span class=\"date\">(24.10.2022)<\/span><\/li><li class=\"listing-item\"><a class=\"title\" href=\"https:\/\/sportnmsstpoelten.ac.at\/harland\/berufsinfo\/\">Berufsinfos f\u00fcr die Mittelschule Harland<\/a> <span class=\"date\">(06.10.2022)<\/span><\/li><li class=\"listing-item\"><a class=\"title\" href=\"https:\/\/sportnmsstpoelten.ac.at\/harland\/copy-copy-9-copy-10\/\">Projektwoche der 4.Klasse MS Harland<\/a> <span class=\"date\">(05.10.2022)<\/span><\/li><li class=\"listing-item\"><a class=\"title\" href=\"https:\/\/sportnmsstpoelten.ac.at\/harland\/copy-copy-9-copy-9\/\">Impressionen vom Wandertag der 1. und 2. Klasse auf die Rudolfsh\u00f6he.<\/a> <span class=\"date\">(12.09.2022)<\/span><\/li><li class=\"listing-item\"><a class=\"title\" href=\"https:\/\/sportnmsstpoelten.ac.at\/harland\/copy-copy-9-copy-8\/\">Mittelschule Harland in der K\u00f6hlerei<\/a> <span class=\"date\">(07.09.2022)<\/span><\/li><li class=\"listing-item\"><a class=\"title\" href=\"https:\/\/sportnmsstpoelten.ac.at\/harland\/copy-copy-9-copy-7\/\">Mittelschule Harland beim Uniqa-Trendsportfestival<\/a> <span class=\"date\">(02.08.2022)<\/span><\/li><li class=\"listing-item\"><a class=\"title\" href=\"https:\/\/sportnmsstpoelten.ac.at\/harland\/copy-copy-9-copy-5\/\">4. Klasse Harland hilft bei den Vorbereitungen f\u00fcr den LIONS-Flohmarkt<\/a> <span class=\"date\">(21.06.2022)<\/span><\/li><li class=\"listing-item\"><a class=\"title\" href=\"https:\/\/sportnmsstpoelten.ac.at\/harland\/sommersportwoche-mariazell\/\">Sommersportwoche Mariazell<\/a> <span class=\"date\">(20.06.2022)<\/span><\/li><li class=\"listing-item\"><a class=\"title\" href=\"https:\/\/sportnmsstpoelten.ac.at\/harland\/copy-copy-9-copy-6\/\">Bike Checker Radwartungsworkshop an der NMS Harland<\/a> <span class=\"date\">(14.06.2022)<\/span><\/li><li class=\"listing-item\"><a class=\"title\" href=\"https:\/\/sportnmsstpoelten.ac.at\/harland\/copy-copy-9-copy-4\/\">English project days in der Mittelschule Harland<\/a> <span class=\"date\">(29.05.2022)<\/span><\/li><li class=\"listing-item\"><a class=\"title\" href=\"https:\/\/sportnmsstpoelten.ac.at\/harland\/copy-copy-9-copy-3\/\">Mittelschule Harland meets Chile<\/a> <span class=\"date\">(12.05.2022)<\/span><\/li><li class=\"listing-item\"><a class=\"title\" href=\"https:\/\/sportnmsstpoelten.ac.at\/harland\/copy-copy-9-copy-2\/\">In der Mittelschule Harland wird f\u00fcr den Muttertag gen\u00e4ht<\/a> <span class=\"date\">(03.05.2022)<\/span><\/li><li class=\"listing-item\"><a class=\"title\" href=\"https:\/\/sportnmsstpoelten.ac.at\/harland\/copy-copy-9-copy\/\">Waldtiere in der Mittelschule Harland<\/a> <span class=\"date\">(03.05.2022)<\/span><\/li><li class=\"listing-item\"><a class=\"title\" href=\"https:\/\/sportnmsstpoelten.ac.at\/harland\/copy-copy-8\/\">Workshop &#8222;Karriere am Bau&#8220; in der Mittelschule Harland<\/a> <span class=\"date\">(30.03.2022)<\/span><\/li><li class=\"listing-item\"><a class=\"title\" href=\"https:\/\/sportnmsstpoelten.ac.at\/harland\/copy-copy-7\/\">Europ\u00e4ischer Vorlesetag in der Mittelschule Harland<\/a> <span class=\"date\">(25.03.2022)<\/span><\/li><li class=\"listing-item\"><a class=\"title\" href=\"https:\/\/sportnmsstpoelten.ac.at\/harland\/copy-copy-6\/\">Schulskikurs der Mittelschule Harland<\/a> <span class=\"date\">(25.03.2022)<\/span><\/li><li class=\"listing-item\"><a class=\"title\" href=\"https:\/\/sportnmsstpoelten.ac.at\/harland\/copy-copy-4\/\">Insekten als Lebensmittel?<\/a> <span class=\"date\">(15.03.2022)<\/span><\/li><li class=\"listing-item\"><a class=\"title\" href=\"https:\/\/sportnmsstpoelten.ac.at\/harland\/copy-copy-5\/\">Chemie on tour in der Mittelschule Harland<\/a> <span class=\"date\">(23.02.2022)<\/span><\/li><li class=\"listing-item\"><a class=\"title\" href=\"https:\/\/sportnmsstpoelten.ac.at\/harland\/copy-copy-copy-6\/\">Mittelschule Harland: Fasching trotz Omikron<\/a> <span class=\"date\">(23.02.2022)<\/span><\/li><li class=\"listing-item\"><a class=\"title\" href=\"https:\/\/sportnmsstpoelten.ac.at\/harland\/copy-copy-copy-5\/\">Soziales Engagement in der 3EK<\/a> <span class=\"date\">(27.12.2021)<\/span><\/li><li class=\"listing-item\"><a class=\"title\" href=\"https:\/\/sportnmsstpoelten.ac.at\/harland\/copy-copy-copy-4\/\">Weihnachtswichtel selbst gemacht<\/a> <span class=\"date\">(17.12.2021)<\/span><\/li><li class=\"listing-item\"><a class=\"title\" href=\"https:\/\/sportnmsstpoelten.ac.at\/harland\/copy-copy-copy-3\/\">Mittelschule Harland versorgt Sch\u00fcler_innen mit Tee<\/a> <span class=\"date\">(23.11.2021)<\/span><\/li><li class=\"listing-item\"><a class=\"title\" href=\"https:\/\/sportnmsstpoelten.ac.at\/harland\/copy-copy-copy\/\">Werken in der 1. Klasse<\/a> <span class=\"date\">(31.10.2021)<\/span><\/li><li class=\"listing-item\"><a class=\"title\" href=\"https:\/\/sportnmsstpoelten.ac.at\/harland\/copy-copy-3\/\">Wir erhellen die Nacht!<\/a> <span class=\"date\">(09.10.2021)<\/span><\/li><li class=\"listing-item\"><a class=\"title\" href=\"https:\/\/sportnmsstpoelten.ac.at\/harland\/copy-copy-2-copy\/\">Brandschutz\u00fcbung in Harland<\/a> <span class=\"date\">(28.09.2021)<\/span><\/li><li class=\"listing-item\"><a class=\"title\" href=\"https:\/\/sportnmsstpoelten.ac.at\/harland\/copy-copy-2\/\">Ern\u00e4hrung und Haushalt &#8211; wir sind bereit!<\/a> <span class=\"date\">(20.09.2021)<\/span><\/li><li class=\"listing-item\"><a class=\"title\" href=\"https:\/\/sportnmsstpoelten.ac.at\/harland\/copy-copy\/\">Besuch vom Kraftwerk Thei\u00df<\/a> <span class=\"date\">(20.09.2021)<\/span><\/li><li class=\"listing-item\"><a class=\"title\" href=\"https:\/\/sportnmsstpoelten.ac.at\/harland\/harland-surft-auf-der-welle\/\">Harland surft auf der Welle<\/a> <span class=\"date\">(11.06.2021)<\/span><\/li><li class=\"listing-item\"><a class=\"title\" href=\"https:\/\/sportnmsstpoelten.ac.at\/harland\/umweltpreis-fuer-die-ms-harland\/\">Umweltpreis f\u00fcr die MS Harland<\/a> <span class=\"date\">(10.06.2021)<\/span><\/li><li class=\"listing-item\"><a class=\"title\" href=\"https:\/\/sportnmsstpoelten.ac.at\/harland\/testtitel-copy\/\">Experimentalchemie in der MS Harland<\/a> <span class=\"date\">(10.06.2021)<\/span><\/li><li class=\"listing-item\"><a class=\"title\" href=\"https:\/\/sportnmsstpoelten.ac.at\/harland\/testtitel\/\">So funktioniert Werbung<\/a> <span class=\"date\">(02.05.2021)<\/span><\/li><li class=\"listing-item\"><a class=\"title\" href=\"https:\/\/sportnmsstpoelten.ac.at\/harland\/1479-2\/\">Sport trotzt Corona<\/a> <span class=\"date\">(02.05.2021)<\/span><\/li><li class=\"listing-item\"><a class=\"title\" href=\"https:\/\/sportnmsstpoelten.ac.at\/harland\/1458-2\/\">Mittelschule Harland bleibt beim Lesen weiterhin am Ball!<\/a> <span class=\"date\">(29.03.2021)<\/span><\/li><li class=\"listing-item\"><a class=\"title\" href=\"https:\/\/sportnmsstpoelten.ac.at\/harland\/europaeischer-vorlesetag\/\">Europ\u00e4ischer Vorlesetag<\/a> <span class=\"date\">(18.03.2021)<\/span><\/li><li class=\"listing-item\"><a class=\"title\" href=\"https:\/\/sportnmsstpoelten.ac.at\/harland\/soziales-bewusstsein\/\">Soziales Engagement<\/a> <span class=\"date\">(08.03.2021)<\/span><\/li><li class=\"listing-item\"><a class=\"title\" href=\"https:\/\/sportnmsstpoelten.ac.at\/harland\/kerzenbasteln\/\">Kerzenbasteln<\/a> <span class=\"date\">(13.12.2020)<\/span><\/li><li class=\"listing-item\"><a class=\"title\" href=\"https:\/\/sportnmsstpoelten.ac.at\/harland\/elterninitiative-leihlaptops\/\">Elterninitiative Leihlaptops<\/a> <span class=\"date\">(30.11.2020)<\/span><\/li><li class=\"listing-item\"><a class=\"title\" href=\"https:\/\/sportnmsstpoelten.ac.at\/harland\/meine-schule-und-ich\/\">Meine Schule und ich<\/a> <span class=\"date\">(30.11.2020)<\/span><\/li><li class=\"listing-item\"><a class=\"title\" href=\"https:\/\/sportnmsstpoelten.ac.at\/harland\/werken-1-klasse\/\">Werken 1.Klasse<\/a> <span class=\"date\">(27.09.2020)<\/span><\/li><li class=\"listing-item\"><a class=\"title\" href=\"https:\/\/sportnmsstpoelten.ac.at\/harland\/sommersportwoche-2020\/\">Sommersportwoche 2020<\/a> <span class=\"date\">(13.09.2020)<\/span><\/li><li class=\"listing-item\"><a class=\"title\" href=\"https:\/\/sportnmsstpoelten.ac.at\/harland\/umweltpreis\/\">Umweltpreis<\/a> <span class=\"date\">(24.06.2020)<\/span><\/li><li class=\"listing-item\"><a class=\"title\" href=\"https:\/\/sportnmsstpoelten.ac.at\/harland\/kunstwerken-fuer-den-wettbewerb-plastik-vermeiden\/\">Kunstwerken f\u00fcr den Wettbewerb &#8222;Plastik vermeiden&#8220;<\/a> <span class=\"date\">(22.05.2020)<\/span><\/li><li class=\"listing-item\"><a class=\"title\" href=\"https:\/\/sportnmsstpoelten.ac.at\/harland\/wunderschoene-arbeiten-fuer-den-muttertag-2\/\">Wundersch\u00f6ne Arbeiten f\u00fcr den Muttertag<\/a> <span class=\"date\">(11.05.2020)<\/span><\/li><li class=\"listing-item\"><a class=\"title\" href=\"https:\/\/sportnmsstpoelten.ac.at\/harland\/kreativ-in-der-krise\/\">Kreativ in der Krise<\/a> <span class=\"date\">(26.04.2020)<\/span><\/li><li class=\"listing-item\"><a class=\"title\" href=\"https:\/\/sportnmsstpoelten.ac.at\/harland\/nms-harland-gruesst-aus-der-quarantaene\/\">NMS Harland gr\u00fc\u00dft aus der Quarant\u00e4ne<\/a> <span class=\"date\">(19.04.2020)<\/span><\/li><li class=\"listing-item\"><a class=\"title\" href=\"https:\/\/sportnmsstpoelten.ac.at\/harland\/kreativitaet\/\">Kreativit\u00e4t<\/a> <span class=\"date\">(05.03.2020)<\/span><\/li><li class=\"listing-item\"><a class=\"title\" href=\"https:\/\/sportnmsstpoelten.ac.at\/harland\/fasching-in-der-schule\/\">Fasching in der Schule<\/a> <span class=\"date\">(21.02.2020)<\/span><\/li><li class=\"listing-item\"><a class=\"title\" href=\"https:\/\/sportnmsstpoelten.ac.at\/harland\/english-olympics\/\">English Olympics<\/a> <span class=\"date\">(19.02.2020)<\/span><\/li><li class=\"listing-item\"><a class=\"title\" href=\"https:\/\/sportnmsstpoelten.ac.at\/harland\/handwerkskunst\/\">Handwerkskunst<\/a> <span class=\"date\">(31.01.2020)<\/span><\/li><li class=\"listing-item\"><a class=\"title\" href=\"https:\/\/sportnmsstpoelten.ac.at\/harland\/schulmeisterschaft-handball\/\">Schulmeisterschaft Handball<\/a> <span class=\"date\">(22.01.2020)<\/span><\/li><li class=\"listing-item\"><a class=\"title\" href=\"https:\/\/sportnmsstpoelten.ac.at\/harland\/wsw-3-kl-planneralm\/\">WSW 3.Kl. Planneralm<\/a> <span class=\"date\">(18.01.2020)<\/span><\/li><li class=\"listing-item\"><a class=\"title\" href=\"https:\/\/sportnmsstpoelten.ac.at\/harland\/schulhandball\/\">Schulhandball<\/a> <span class=\"date\">(10.01.2020)<\/span><\/li><li class=\"listing-item\"><a class=\"title\" href=\"https:\/\/sportnmsstpoelten.ac.at\/harland\/internat-kochen\/\">Internat. Kochen<\/a> <span class=\"date\">(10.01.2020)<\/span><\/li><li class=\"listing-item\"><a class=\"title\" href=\"https:\/\/sportnmsstpoelten.ac.at\/harland\/schulhandball-euroturnier\/\">Schulhandball &#8222;Euroturnier&#8220;<\/a> <span class=\"date\">(20.12.2019)<\/span><\/li><li class=\"listing-item\"><a class=\"title\" href=\"https:\/\/sportnmsstpoelten.ac.at\/harland\/wichteln-fuer-weihnachten\/\">Wichteln f\u00fcr Weihnachten<\/a> <span class=\"date\">(10.12.2019)<\/span><\/li><li class=\"listing-item\"><a class=\"title\" href=\"https:\/\/sportnmsstpoelten.ac.at\/harland\/berufsmesse-vaz\/\">Berufsmesse VAZ<\/a> <span class=\"date\">(09.12.2019)<\/span><\/li><li class=\"listing-item\"><a class=\"title\" href=\"https:\/\/sportnmsstpoelten.ac.at\/harland\/erfolgreicher-handballstart\/\">Erfolgreicher Handballstart<\/a> <span class=\"date\">(02.12.2019)<\/span><\/li><li class=\"listing-item\"><a class=\"title\" href=\"https:\/\/sportnmsstpoelten.ac.at\/harland\/boys-day\/\">Boys Day<\/a> <span class=\"date\">(14.11.2019)<\/span><\/li><li class=\"listing-item\"><a class=\"title\" href=\"https:\/\/sportnmsstpoelten.ac.at\/harland\/fzsp-3-4-kl-trampolin\/\">FZSP 3.+4.Kl. Trampolin<\/a> <span class=\"date\">(10.11.2019)<\/span><\/li><li class=\"listing-item\"><a class=\"title\" href=\"https:\/\/sportnmsstpoelten.ac.at\/harland\/abend-der-offenen-tuer\/\">Abend der offenen T\u00fcr<\/a> <span class=\"date\">(22.10.2019)<\/span><\/li><li class=\"listing-item\"><a class=\"title\" href=\"https:\/\/sportnmsstpoelten.ac.at\/harland\/9-nv-citylauf\/\">9. NV-Citylauf<\/a> <span class=\"date\">(13.10.2019)<\/span><\/li><li class=\"listing-item\"><a class=\"title\" href=\"https:\/\/sportnmsstpoelten.ac.at\/harland\/klettern-3-4-kl\/\">Klettern 3. + 4.Kl<\/a> <span class=\"date\">(11.10.2019)<\/span><\/li><li class=\"listing-item\"><a class=\"title\" href=\"https:\/\/sportnmsstpoelten.ac.at\/harland\/beitrag-6\/\">Berufsmesse Wieselburg<\/a> <span class=\"date\">(10.10.2019)<\/span><\/li><li class=\"listing-item\"><a class=\"title\" href=\"https:\/\/sportnmsstpoelten.ac.at\/harland\/beitrag-1\/\">Handballtunier<\/a> <span class=\"date\">(09.10.2019)<\/span><\/li><li class=\"listing-item\"><a class=\"title\" href=\"https:\/\/sportnmsstpoelten.ac.at\/harland\/test\/\">Kunst im Werkunterricht<\/a> <span class=\"date\">(09.10.2019)<\/span><\/li><li class=\"listing-item\"><a class=\"title\" href=\"https:\/\/sportnmsstpoelten.ac.at\/harland\/kajak\/\">Kajak<\/a> <span class=\"date\">(18.09.2019)<\/span><\/li><li class=\"listing-item\"><a class=\"title\" href=\"https:\/\/sportnmsstpoelten.ac.at\/harland\/sommersportwoche-ossiacher-see\/\">Sommersportwoche Ossiacher See<\/a> <span class=\"date\">(09.09.2019)<\/span><\/li><li class=\"listing-item\"><a class=\"title\" href=\"https:\/\/sportnmsstpoelten.ac.at\/harland\/hallo-welt\/\">2. Klasse Wandertag<\/a> <span class=\"date\">(06.09.2019)<\/span><\/li><\/ul>\n\n\n<p><\/p>\n","protected":false},"excerpt":{"rendered":"<p>An einem traumhaften Tag wanderten die Sch\u00fclerinnen und Sch\u00fcler der 1. Klasse Mittelschule Harland auf den Buchberg, um sich besser kennen zu lernen und gemeinsam einen sch\u00f6nen Tag zu verbringen. Jetzt kann das neue Schuljahr starten!<\/p>\n","protected":false},"author":14,"featured_media":0,"parent":0,"menu_order":0,"comment_status":"closed","ping_status":"closed","template":"","meta":{"inline_featured_image":false,"footnotes":""},"class_list":["post-879","page","type-page","status-publish","hentry"],"_links":{"self":[{"href":"https:\/\/sportnmsstpoelten.ac.at\/harland\/wp-json\/wp\/v2\/pages\/879","targetHints":{"allow":["GET"]}}],"collection":[{"href":"https:\/\/sportnmsstpoelten.ac.at\/harland\/wp-json\/wp\/v2\/pages"}],"about":[{"href":"https:\/\/sportnmsstpoelten.ac.at\/harland\/wp-json\/wp\/v2\/types\/page"}],"author":[{"embeddable":true,"href":"https:\/\/sportnmsstpoelten.ac.at\/harland\/wp-json\/wp\/v2\/users\/14"}],"replies":[{"embeddable":true,"href":"https:\/\/sportnmsstpoelten.ac.at\/harland\/wp-json\/wp\/v2\/comments?post=879"}],"version-history":[{"count":21,"href":"https:\/\/sportnmsstpoelten.ac.at\/harland\/wp-json\/wp\/v2\/pages\/879\/revisions"}],"predecessor-version":[{"id":1136,"href":"https:\/\/sportnmsstpoelten.ac.at\/harland\/wp-json\/wp\/v2\/pages\/879\/revisions\/1136"}],"wp:attachment":[{"href":"https:\/\/sportnmsstpoelten.ac.at\/harland\/wp-json\/wp\/v2\/media?parent=879"}],"curies":[{"name":"wp","href":"https:\/\/api.w.org\/{rel}","templated":true}]}}