{"id":56,"date":"2020-12-23T14:53:55","date_gmt":"2020-12-23T13:53:55","guid":{"rendered":"http:\/\/sportnmsstpoelten.ac.at\/harland\/?page_id=56"},"modified":"2021-02-15T14:20:53","modified_gmt":"2021-02-15T13:20:53","slug":"berufsorientierung","status":"publish","type":"page","link":"https:\/\/sportnmsstpoelten.ac.at\/harland\/berufsorientierung\/","title":{"rendered":"Berufsorientierung"},"content":{"rendered":"\n\n\t<p>Im Rahmen einer umfassenden Berufsorientierung und Bildungsinformation finden Sie auf dieser Seite eine Vielzahl von Hilfen. Wir erm\u00f6glichen unseren Sch\u00fcler\/innen und Lehrer\/innen den direkten Zugang zu wertvollen,\u00a0kostenlosen Online-Services des AMS, sowie allgemein zum Bereich Beruf und Bildung:<\/p>\n<h2>\n\t\t<a href=\"https:\/\/www.berufe.eu\/\" title=\"Online-BERUFSBILDER-Buch\" target=\"_blank\" rel=\"noopener\">\n\t\tOnline-BERUFSBILDER-Buch\n\t\t<\/a>\n\t<\/h2>\n\t<p>Hier sind die Berufsinformationen klar, \u00fcbersichtlich und gut gegliedert.<\/p>\n<p>Die viel genutzte Webseite\u00a0<a href=\"http:\/\/www.berufskunde.com\/\">www.berufskunde.com<\/a>\u00a0bietet neben dem Online-BERUFSBILDER-Buch \u00fcber 400 Berufsvideos, Bewerbungstipps, Kontaktadressen u.v.m. Hier sind die Beschreibungen neben Franz\u00f6sisch und Italienisch auch in englischer Sprache verf\u00fcgbar!<\/p>\n<h2>\n\t\t<a href=\"https:\/\/www.jobted.at\/\" title=\"Jobted.at\" target=\"_blank\" rel=\"noopener\">\n\t\tJobted.at\n\t\t<\/a>\n\t<\/h2>\n\t<p>bietet den Sch\u00fclerInnen seit einigen Wochen die M\u00f6glichkeit, sich umfassend \u00fcber ca. 20 Ausbildungsunternehmen in einem einzigen Portal zu informieren. Dar\u00fcber hinaus k\u00f6nnen die Sch\u00fclerInnen mittels Online-Fragebogen ein Bewerbungsprofil anlegen und sich damit beim gew\u00fcnschten Unternehmen\u00a0mit nur einem Mausklick bewerben. Dies vereinfacht den Bewerbungsprozess f\u00fcr Jugendliche sehr.\u00a0Weiters haben die Unternehmen die M\u00f6glichkeit in der Bewerberdatenbank nach geeigneten Bewerbern zu suchen und Jugendliche direkt zu einem Bewerbungsgespr\u00e4ch einzuladen.\u00a0&#8222;Lass dich von deiner Lehrstelle finden&#8220;\u00a0lautet hier das Motto.<\/p>\n<h2>\n\t\t<a href=\"https:\/\/www.berufskompass.at\/berufskompass\/\" title=\"Der Berufskompass\" target=\"_blank\" rel=\"noopener\">\n\t\tDer Berufskompass\n\t\t<\/a>\n\t<\/h2>\n\t<p>ist das optimale Tool f\u00fcr die Berufsorientierung. Nach der anonymen Beantwortung des Fragebogens erh\u00e4lt man ein individuelles Ergebnisprofil sowie eine Liste passender Berufsvorschl\u00e4ge.<\/p>\n<h2>\n\t\t<a href=\"https:\/\/www.berufskompass.at\/berufskompass\/\" title=\"Der Lehrlingskompass\" target=\"_blank\" rel=\"noopener\">\n\t\tDer Lehrlingskompass\n\t\t<\/a>\n\t<\/h2>\n\t<p>ist ein Beruforientierungstest f\u00fcr Lehrstellen-Interessierte. In ca. 15 Minuten erh\u00e4lt man ein individuelles Ergebnisprofil und eine Liste mit passenden Lehrberufen.<\/p>\n<h2>\n\t\t<a href=\"https:\/\/www.ausbildungskompass.at\/\" title=\"Your Choice\" target=\"_blank\" rel=\"noopener\">\n\t\tYour Choice\n\t\t<\/a>\n\t<\/h2>\n\t<p>bietet umfassende Informationen f\u00fcr Sch\u00fcler\/innen und Maturant\/innen \u00fcber Berufsbilder und passende Ausbildungswege.<\/p>\n<h2>\n\t\t<a href=\"http:\/\/bis.ams.or.at\/qualibarometer\/\" title=\"Das Qualifikations-Barometer\" target=\"_blank\" rel=\"noopener\">\n\t\tDas Qualifikations-Barometer\n\t\t<\/a>\n\t<\/h2>\n\t<p>zeigt aktuelle Arbeitsmarkt- und Qualifikationstrends auf und erm\u00f6glicht so die Einsch\u00e4tzung von Jobchancen und Qualifizierungsbedarf in unterschiedlichen Branchen und Berufen.<\/p>\n<h2>\n\t\t<a href=\"https:\/\/www.weiterbildungsdatenbank.at\/\" title=\"Die Weiterbildungsdatenbank\" target=\"_blank\" rel=\"noopener\">\n\t\tDie Weiterbildungsdatenbank\n\t\t<\/a>\n\t<\/h2>\n\t<p>erm\u00f6glicht die individuelle Suche nach Weiterbildungsangeboten in ganz \u00d6sterreich.<\/p>\n<h2>\n\t\t<a href=\"https:\/\/www.lehre-respekt.at\/\" title=\"Frag Jimmy\" target=\"_blank\" rel=\"noopener\">\n\t\tFrag Jimmy\n\t\t<\/a>\n\t<\/h2>\n<h2>\n\t<\/h2>\n\t<p>Hier erf\u00e4hrst du n\u00e4mlich alles rund um das Thema Lehre. Neben viel Information wartet auch noch ein Online-Kurzcheck auf dich. Damit kannst du feststellen, welcher Lehrberuf dir gefallen k\u00f6nnte.<\/p>\n\n","protected":false},"excerpt":{"rendered":"<p>Im Rahmen einer umfassenden Berufsorientierung und Bildungsinformation finden Sie auf dieser Seite eine Vielzahl von Hilfen. Wir erm\u00f6glichen unseren Sch\u00fcler\/innen und Lehrer\/innen den direkten Zugang zu wertvollen,\u00a0kostenlosen Online-Services des AMS, sowie allgemein zum Bereich Beruf und Bildung: Online-BERUFSBILDER-Buch Hier sind<\/p>\n","protected":false},"author":1,"featured_media":0,"parent":0,"menu_order":0,"comment_status":"closed","ping_status":"closed","template":"","meta":{"inline_featured_image":false,"footnotes":""},"class_list":["post-56","page","type-page","status-publish","hentry"],"_links":{"self":[{"href":"https:\/\/sportnmsstpoelten.ac.at\/harland\/wp-json\/wp\/v2\/pages\/56","targetHints":{"allow":["GET"]}}],"collection":[{"href":"https:\/\/sportnmsstpoelten.ac.at\/harland\/wp-json\/wp\/v2\/pages"}],"about":[{"href":"https:\/\/sportnmsstpoelten.ac.at\/harland\/wp-json\/wp\/v2\/types\/page"}],"author":[{"embeddable":true,"href":"https:\/\/sportnmsstpoelten.ac.at\/harland\/wp-json\/wp\/v2\/users\/1"}],"replies":[{"embeddable":true,"href":"https:\/\/sportnmsstpoelten.ac.at\/harland\/wp-json\/wp\/v2\/comments?post=56"}],"version-history":[{"count":15,"href":"https:\/\/sportnmsstpoelten.ac.at\/harland\/wp-json\/wp\/v2\/pages\/56\/revisions"}],"predecessor-version":[{"id":1314,"href":"https:\/\/sportnmsstpoelten.ac.at\/harland\/wp-json\/wp\/v2\/pages\/56\/revisions\/1314"}],"wp:attachment":[{"href":"https:\/\/sportnmsstpoelten.ac.at\/harland\/wp-json\/wp\/v2\/media?parent=56"}],"curies":[{"name":"wp","href":"https:\/\/api.w.org\/{rel}","templated":true}]}}