{"id":55,"date":"2020-12-23T14:53:55","date_gmt":"2020-12-23T13:53:55","guid":{"rendered":"http:\/\/sportnmsstpoelten.ac.at\/harland\/?page_id=55"},"modified":"2023-01-30T20:59:32","modified_gmt":"2023-01-30T19:59:32","slug":"schulsozialarbeit","status":"publish","type":"page","link":"https:\/\/sportnmsstpoelten.ac.at\/harland\/schulsozialarbeit\/","title":{"rendered":"Schulsozialarbeit (x-point)"},"content":{"rendered":"\n\n\tx-point ist eine Anlauf- und Beratungsstelle direkt an der Schule, prim\u00e4r f\u00fcr die Anliegen der Sch\u00fcler_innen und sekund\u00e4r auch f\u00fcr Eltern und Lehrer_innen.<br \/>\nx-point Schulsozialarbeit informiert zu jugendrelevanten Themen, ber\u00e4t und unterst\u00fctzt bei sozialen Lebenslagen und auch bei Problemen.\n\t<p><strong>x-point<\/strong> bietet:<\/p>\n\t<ul>\n<li>Beratung<\/li>\n<li>Information<\/li>\n<li>Gruppenarbeit\/Klassenaktionen<\/li>\n<li>Konfliktmoderation<\/li>\n<li>L\u00e4ngerfristige Begleitung<\/li>\n<li>Krisenintervention<\/li>\n<li>Unterst\u00fctzung bei Pr\u00e4ventionsma\u00dfnahmen<\/li>\n<\/ul>\n<p>&nbsp;<\/p>\n<p>Kontaktinformation unter:<\/p>\n<p><a href=\"https:\/\/www.young.or.at\/st.poelten\/articles\/x-point-schulsozialarbeit-noms-korner-1-harland.html\">https:\/\/www.young.or.at\/st.poelten\/articles\/x-point-schulsozialarbeit-noms-korner-1-harland.html<\/a><\/p>\n\t\t\t\t<img decoding=\"async\" src=\"https:\/\/sportnmsstpoelten.ac.at\/harland\/wp-content\/uploads\/sites\/2\/2021\/02\/xpoint2.png\" alt=\"xpoint2\" title=\"xpoint2\" \/>\n\n","protected":false},"excerpt":{"rendered":"<p>x-point ist eine Anlauf- und Beratungsstelle direkt an der Schule, prim\u00e4r f\u00fcr die Anliegen der Sch\u00fcler_innen und sekund\u00e4r auch f\u00fcr Eltern und Lehrer_innen. x-point Schulsozialarbeit informiert zu jugendrelevanten Themen, ber\u00e4t und unterst\u00fctzt bei sozialen Lebenslagen und auch bei Problemen. x-point<\/p>\n","protected":false},"author":1,"featured_media":0,"parent":0,"menu_order":0,"comment_status":"closed","ping_status":"closed","template":"","meta":{"inline_featured_image":false,"footnotes":""},"class_list":["post-55","page","type-page","status-publish","hentry"],"_links":{"self":[{"href":"https:\/\/sportnmsstpoelten.ac.at\/harland\/wp-json\/wp\/v2\/pages\/55","targetHints":{"allow":["GET"]}}],"collection":[{"href":"https:\/\/sportnmsstpoelten.ac.at\/harland\/wp-json\/wp\/v2\/pages"}],"about":[{"href":"https:\/\/sportnmsstpoelten.ac.at\/harland\/wp-json\/wp\/v2\/types\/page"}],"author":[{"embeddable":true,"href":"https:\/\/sportnmsstpoelten.ac.at\/harland\/wp-json\/wp\/v2\/users\/1"}],"replies":[{"embeddable":true,"href":"https:\/\/sportnmsstpoelten.ac.at\/harland\/wp-json\/wp\/v2\/comments?post=55"}],"version-history":[{"count":13,"href":"https:\/\/sportnmsstpoelten.ac.at\/harland\/wp-json\/wp\/v2\/pages\/55\/revisions"}],"predecessor-version":[{"id":1973,"href":"https:\/\/sportnmsstpoelten.ac.at\/harland\/wp-json\/wp\/v2\/pages\/55\/revisions\/1973"}],"wp:attachment":[{"href":"https:\/\/sportnmsstpoelten.ac.at\/harland\/wp-json\/wp\/v2\/media?parent=55"}],"curies":[{"name":"wp","href":"https:\/\/api.w.org\/{rel}","templated":true}]}}