{"id":1392,"date":"2021-02-24T20:57:38","date_gmt":"2021-02-24T19:57:38","guid":{"rendered":"http:\/\/sportnmsstpoelten.ac.at\/harland\/?page_id=1392"},"modified":"2021-02-24T21:13:54","modified_gmt":"2021-02-24T20:13:54","slug":"aufnahme-2","status":"publish","type":"page","link":"https:\/\/sportnmsstpoelten.ac.at\/harland\/aufnahme-2\/","title":{"rendered":"Aufnahme"},"content":{"rendered":"\n\n\t<p>Die Anmeldung f\u00fcr alle Sch\u00fcler erfolgt \u00fcber das <a href=\"https:\/\/www.st-poelten.at\/images\/Anmeldeformular_NMS_20-21.pdf\" target=\"_blank\" rel=\"noopener\">Anmeldeformular des Magistrats<\/a>.<\/p>\n<p>Bez\u00fcglich einer Voranmeldung oder &#8211; information nehmen Sie bitte mit der Direktion Kontakt auf (02742\/32314-11,\u00a0\u00a0<a href=\"mailto:302012@noeschule.at\">302012@noeschule.at<\/a>)<\/p>\n\n","protected":false},"excerpt":{"rendered":"<p>Die Anmeldung f\u00fcr alle Sch\u00fcler erfolgt \u00fcber das Anmeldeformular des Magistrats. Bez\u00fcglich einer Voranmeldung oder &#8211; information nehmen Sie bitte mit der Direktion Kontakt auf (02742\/32314-11,\u00a0\u00a0302012@noeschule.at)<\/p>\n","protected":false},"author":10,"featured_media":0,"parent":0,"menu_order":0,"comment_status":"closed","ping_status":"closed","template":"","meta":{"inline_featured_image":false,"footnotes":""},"class_list":["post-1392","page","type-page","status-publish","hentry"],"_links":{"self":[{"href":"https:\/\/sportnmsstpoelten.ac.at\/harland\/wp-json\/wp\/v2\/pages\/1392","targetHints":{"allow":["GET"]}}],"collection":[{"href":"https:\/\/sportnmsstpoelten.ac.at\/harland\/wp-json\/wp\/v2\/pages"}],"about":[{"href":"https:\/\/sportnmsstpoelten.ac.at\/harland\/wp-json\/wp\/v2\/types\/page"}],"author":[{"embeddable":true,"href":"https:\/\/sportnmsstpoelten.ac.at\/harland\/wp-json\/wp\/v2\/users\/10"}],"replies":[{"embeddable":true,"href":"https:\/\/sportnmsstpoelten.ac.at\/harland\/wp-json\/wp\/v2\/comments?post=1392"}],"version-history":[{"count":4,"href":"https:\/\/sportnmsstpoelten.ac.at\/harland\/wp-json\/wp\/v2\/pages\/1392\/revisions"}],"predecessor-version":[{"id":1399,"href":"https:\/\/sportnmsstpoelten.ac.at\/harland\/wp-json\/wp\/v2\/pages\/1392\/revisions\/1399"}],"wp:attachment":[{"href":"https:\/\/sportnmsstpoelten.ac.at\/harland\/wp-json\/wp\/v2\/media?parent=1392"}],"curies":[{"name":"wp","href":"https:\/\/api.w.org\/{rel}","templated":true}]}}